{"id":34,"date":"2025-03-07T12:17:27","date_gmt":"2025-03-07T11:17:27","guid":{"rendered":"https:\/\/ankietyzacja.pum.edu.pl\/?page_id=34"},"modified":"2025-03-09T23:12:22","modified_gmt":"2025-03-09T22:12:22","slug":"informacje","status":"publish","type":"page","link":"https:\/\/ankietyzacja.pum.edu.pl\/ankiety372\/informacje\/","title":{"rendered":"Informacje"},"content":{"rendered":"\n<hr class=\"wp-block-separator has-text-color has-primary-color has-alpha-channel-opacity has-primary-background-color has-background is-style-wide\"\/>\n\n\n\n<hr class=\"wp-block-separator has-text-color has-ti-accent-color has-alpha-channel-opacity has-ti-accent-background-color has-background is-style-wide\"\/>\n\n\n\n<div class=\"wp-block-columns is-layout-flex wp-container-core-columns-is-layout-28f84493 wp-block-columns-is-layout-flex\">\n<div class=\"wp-block-column is-layout-flow wp-block-column-is-layout-flow\" style=\"font-size:14px;flex-basis:60%\">\n<p>System ankietyzacji online Pomorskiego Uniwersytetu Medycznego (PUM) to nowoczesne narz\u0119dzie, kt\u00f3re pozwala studentom, pracownikom naukowym oraz administracyjnym na wyra\u017canie opinii dotycz\u0105cych jako\u015bci kszta\u0142cenia i funkcjonowania uczelni. Jest to wa\u017cny element doskonalenia proces\u00f3w dydaktycznych oraz organizacyjnych, kt\u00f3ry umo\u017cliwia lepsze dostosowanie oferty edukacyjnej do potrzeb \u015brodowiska akademickiego.<\/p>\n\n\n\n<p>Ankiety przeprowadzane w systemie s\u0105 w pe\u0142ni anonimowe, co oznacza, \u017ce \u017cadna odpowied\u017a nie jest powi\u0105zana z konkretn\u0105 osob\u0105. Uczestnicy mog\u0105 swobodnie dzieli\u0107 si\u0119 swoimi uwagami i sugestiami, maj\u0105c pewno\u015b\u0107, \u017ce ich opinie zostan\u0105 uwzgl\u0119dnione w procesie doskonalenia jako\u015bci kszta\u0142cenia. System umo\u017cliwia zbieranie szerokiego zakresu informacji, obejmuj\u0105cych m.in. ocen\u0119 prowadz\u0105cych zaj\u0119cia, program\u00f3w nauczania, warunk\u00f3w studiowania oraz infrastruktury uczelni.<\/p>\n\n\n\n<p>Celem ankietyzacji jest nie tylko identyfikacja obszar\u00f3w wymagaj\u0105cych poprawy, ale r\u00f3wnie\u017c docenienie tych aspekt\u00f3w dzia\u0142alno\u015bci uczelni, kt\u00f3re s\u0105 wysoko oceniane przez spo\u0142eczno\u015b\u0107 akademick\u0105. Dzi\u0119ki regularnie przeprowadzanym badaniom, w\u0142adze uczelni mog\u0105 podejmowa\u0107 \u015bwiadome decyzje dotycz\u0105ce wprowadzania zmian i udoskonale\u0144 w r\u00f3\u017cnych obszarach funkcjonowania PUM.<\/p>\n\n\n\n<p>Bezpiecze\u0144stwo danych gromadzonych w systemie ankietyzacji jest priorytetem uczelni. Wszystkie informacje s\u0105 przechowywane w bezpiecznej infrastrukturze informatycznej Pomorskiego Uniwersytetu Medycznego w Szczecinie, zgodnie z obowi\u0105zuj\u0105cymi standardami ochrony danych. Oznacza to, \u017ce dost\u0119p do nich maj\u0105 wy\u0142\u0105cznie uprawnione osoby, a sam proces przetwarzania danych odbywa si\u0119 w spos\u00f3b zgodny z przepisami dotycz\u0105cymi ochrony prywatno\u015bci.<\/p>\n<\/div>\n\n\n\n<div class=\"wp-block-column is-layout-flow wp-block-column-is-layout-flow\">\n<figure class=\"wp-block-image aligncenter size-full is-resized has-custom-border is-style-default\"><img loading=\"lazy\" decoding=\"async\" width=\"672\" height=\"1014\" src=\"https:\/\/ankietyzacja.pum.edu.pl\/ankiety372\/wp-content\/uploads\/2025\/03\/pum2.jpg\" alt=\"\" class=\"wp-image-36\" style=\"border-style:none;border-width:0px;border-radius:15px;aspect-ratio:0.5625;object-fit:cover;width:329px;height:auto\" srcset=\"https:\/\/ankietyzacja.pum.edu.pl\/ankiety372\/wp-content\/uploads\/2025\/03\/pum2.jpg 672w, https:\/\/ankietyzacja.pum.edu.pl\/ankiety372\/wp-content\/uploads\/2025\/03\/pum2-199x300.jpg 199w\" sizes=\"auto, (max-width: 672px) 100vw, 672px\" \/><\/figure>\n<\/div>\n<\/div>\n\n\n\n<hr class=\"wp-block-separator has-text-color has-ti-accent-color has-alpha-channel-opacity has-ti-accent-background-color has-background is-style-wide\"\/>\n\n\n\n<hr class=\"wp-block-separator has-text-color has-primary-color has-alpha-channel-opacity has-primary-background-color has-background is-style-wide\"\/>\n","protected":false},"excerpt":{"rendered":"<p>System ankietyzacji online Pomorskiego Uniwersytetu Medycznego (PUM) to nowoczesne narz\u0119dzie, kt\u00f3re pozwala studentom, pracownikom naukowym oraz administracyjnym na wyra\u017canie opinii dotycz\u0105cych jako\u015bci kszta\u0142cenia i funkcjonowania uczelni. Jest to wa\u017cny element doskonalenia proces\u00f3w dydaktycznych oraz organizacyjnych, kt\u00f3ry umo\u017cliwia lepsze dostosowanie oferty edukacyjnej do potrzeb \u015brodowiska akademickiego. Ankiety przeprowadzane w systemie s\u0105 w pe\u0142ni anonimowe, co oznacza, [&hellip;]<\/p>\n","protected":false},"author":1,"featured_media":0,"parent":0,"menu_order":0,"comment_status":"closed","ping_status":"closed","template":"","meta":{"_themeisle_gutenberg_block_has_review":false,"footnotes":""},"class_list":["post-34","page","type-page","status-publish","hentry"],"_links":{"self":[{"href":"https:\/\/ankietyzacja.pum.edu.pl\/ankiety372\/wp-json\/wp\/v2\/pages\/34","targetHints":{"allow":["GET"]}}],"collection":[{"href":"https:\/\/ankietyzacja.pum.edu.pl\/ankiety372\/wp-json\/wp\/v2\/pages"}],"about":[{"href":"https:\/\/ankietyzacja.pum.edu.pl\/ankiety372\/wp-json\/wp\/v2\/types\/page"}],"author":[{"embeddable":true,"href":"https:\/\/ankietyzacja.pum.edu.pl\/ankiety372\/wp-json\/wp\/v2\/users\/1"}],"replies":[{"embeddable":true,"href":"https:\/\/ankietyzacja.pum.edu.pl\/ankiety372\/wp-json\/wp\/v2\/comments?post=34"}],"version-history":[{"count":10,"href":"https:\/\/ankietyzacja.pum.edu.pl\/ankiety372\/wp-json\/wp\/v2\/pages\/34\/revisions"}],"predecessor-version":[{"id":109,"href":"https:\/\/ankietyzacja.pum.edu.pl\/ankiety372\/wp-json\/wp\/v2\/pages\/34\/revisions\/109"}],"wp:attachment":[{"href":"https:\/\/ankietyzacja.pum.edu.pl\/ankiety372\/wp-json\/wp\/v2\/media?parent=34"}],"curies":[{"name":"wp","href":"https:\/\/api.w.org\/{rel}","templated":true}]}}