{"id":170,"date":"2025-03-09T21:57:54","date_gmt":"2025-03-09T20:57:54","guid":{"rendered":"https:\/\/ankietyzacja.pum.edu.pl\/?page_id=170"},"modified":"2025-03-09T21:57:54","modified_gmt":"2025-03-09T20:57:54","slug":"ankiety-ogolne-dla-pracownikow","status":"publish","type":"page","link":"https:\/\/ankietyzacja.pum.edu.pl\/ankiety372\/ankiety-ogolne-dla-pracownikow\/","title":{"rendered":"Ankiety og\u00f3lne dla pracownik\u00f3w"},"content":{"rendered":"\n<hr class=\"wp-block-separator has-text-color has-primary-color has-alpha-channel-opacity has-primary-background-color has-background is-style-wide\"\/>\n\n\n\n<hr class=\"wp-block-separator has-text-color has-ti-accent-color has-alpha-channel-opacity has-ti-accent-background-color has-background is-style-wide\"\/>\n\n\n\n<div class=\"wp-block-columns is-layout-flex wp-container-core-columns-is-layout-28f84493 wp-block-columns-is-layout-flex\">\n<div class=\"wp-block-column is-layout-flow wp-block-column-is-layout-flow\" style=\"font-size:14px;flex-basis:60%\">\n<p style=\"font-size:clamp(14px, 0.875rem + ((1vw - 3.2px) * 0.488), 18px);\"><strong><mark style=\"background-color:rgba(0, 0, 0, 0)\" class=\"has-inline-color has-ti-accent-color\">Aktualne ankiety<\/mark><\/strong><\/p>\n\n\n\n<div class=\"wp-block-columns is-layout-flex wp-container-core-columns-is-layout-28f84493 wp-block-columns-is-layout-flex\">\n<div class=\"wp-block-column is-layout-flow wp-block-column-is-layout-flow\" style=\"flex-basis:90%\">\n<p>Badanie poziomu zadowolenia z obiegu dokument\u00f3w<\/p>\n\n\n\n<p>Badanie poziomu dost\u0119pno\u015bci do us\u0142ug cyfrowych<\/p>\n\n\n\n<p>Badanie poziomu zadowolenia powi\u0105zanego z nowymi inwestycjami PUM<br><\/p>\n<\/div>\n\n\n\n<div class=\"wp-block-column is-layout-flow wp-block-column-is-layout-flow\" style=\"flex-basis:15%\">\n<p><a href=\"#\"><mark style=\"background-color:rgba(0, 0, 0, 0)\" class=\"has-inline-color has-ti-accent-color\"><strong>Wype\u0142nij<\/strong><\/mark><\/a><\/p>\n\n\n\n<p><a href=\"#\"><mark style=\"background-color:rgba(0, 0, 0, 0)\" class=\"has-inline-color has-ti-accent-color\"><strong>Wype\u0142nij<\/strong><\/mark><\/a><\/p>\n\n\n\n<p><a href=\"#\"><mark style=\"background-color:rgba(0, 0, 0, 0)\" class=\"has-inline-color has-ti-accent-color\"><strong>Wype\u0142nij<\/strong><\/mark><\/a><\/p>\n<\/div>\n<\/div>\n<\/div>\n\n\n\n<div class=\"wp-block-column is-layout-flow wp-block-column-is-layout-flow\" style=\"flex-basis:30%\">\n<figure class=\"wp-block-image aligncenter size-full has-custom-border is-style-default\"><img loading=\"lazy\" decoding=\"async\" width=\"672\" height=\"1014\" src=\"https:\/\/ankietyzacja.pum.edu.pl\/ankiety372\/wp-content\/uploads\/2025\/03\/pum2.jpg\" alt=\"\" class=\"wp-image-36\" style=\"border-style:none;border-width:0px;border-radius:15px;aspect-ratio:0.5625;object-fit:cover\" srcset=\"https:\/\/ankietyzacja.pum.edu.pl\/ankiety372\/wp-content\/uploads\/2025\/03\/pum2.jpg 672w, https:\/\/ankietyzacja.pum.edu.pl\/ankiety372\/wp-content\/uploads\/2025\/03\/pum2-199x300.jpg 199w\" sizes=\"auto, (max-width: 672px) 100vw, 672px\" \/><\/figure>\n<\/div>\n<\/div>\n\n\n\n<hr class=\"wp-block-separator has-text-color has-ti-accent-color has-alpha-channel-opacity has-ti-accent-background-color has-background is-style-wide\"\/>\n\n\n\n<hr class=\"wp-block-separator has-text-color has-primary-color has-alpha-channel-opacity has-primary-background-color has-background is-style-wide\"\/>\n","protected":false},"excerpt":{"rendered":"<p>Aktualne ankiety Badanie poziomu zadowolenia z obiegu dokument\u00f3w Badanie poziomu dost\u0119pno\u015bci do us\u0142ug cyfrowych Badanie poziomu zadowolenia powi\u0105zanego z nowymi inwestycjami PUM Wype\u0142nij Wype\u0142nij Wype\u0142nij<\/p>\n","protected":false},"author":1,"featured_media":0,"parent":0,"menu_order":0,"comment_status":"closed","ping_status":"closed","template":"","meta":{"_themeisle_gutenberg_block_has_review":false,"footnotes":""},"class_list":["post-170","page","type-page","status-publish","hentry"],"_links":{"self":[{"href":"https:\/\/ankietyzacja.pum.edu.pl\/ankiety372\/wp-json\/wp\/v2\/pages\/170","targetHints":{"allow":["GET"]}}],"collection":[{"href":"https:\/\/ankietyzacja.pum.edu.pl\/ankiety372\/wp-json\/wp\/v2\/pages"}],"about":[{"href":"https:\/\/ankietyzacja.pum.edu.pl\/ankiety372\/wp-json\/wp\/v2\/types\/page"}],"author":[{"embeddable":true,"href":"https:\/\/ankietyzacja.pum.edu.pl\/ankiety372\/wp-json\/wp\/v2\/users\/1"}],"replies":[{"embeddable":true,"href":"https:\/\/ankietyzacja.pum.edu.pl\/ankiety372\/wp-json\/wp\/v2\/comments?post=170"}],"version-history":[{"count":1,"href":"https:\/\/ankietyzacja.pum.edu.pl\/ankiety372\/wp-json\/wp\/v2\/pages\/170\/revisions"}],"predecessor-version":[{"id":175,"href":"https:\/\/ankietyzacja.pum.edu.pl\/ankiety372\/wp-json\/wp\/v2\/pages\/170\/revisions\/175"}],"wp:attachment":[{"href":"https:\/\/ankietyzacja.pum.edu.pl\/ankiety372\/wp-json\/wp\/v2\/media?parent=170"}],"curies":[{"name":"wp","href":"https:\/\/api.w.org\/{rel}","templated":true}]}}