{"id":144,"date":"2025-03-09T21:16:15","date_gmt":"2025-03-09T20:16:15","guid":{"rendered":"https:\/\/ankietyzacja.pum.edu.pl\/?page_id=144"},"modified":"2025-03-23T16:02:08","modified_gmt":"2025-03-23T15:02:08","slug":"rozpocznij","status":"publish","type":"page","link":"https:\/\/ankietyzacja.pum.edu.pl\/ankiety372\/rozpocznij\/","title":{"rendered":"Rozpocznij wype\u0142nianie"},"content":{"rendered":"\n<hr class=\"wp-block-separator has-text-color has-primary-color has-alpha-channel-opacity has-primary-background-color has-background is-style-wide\"\/>\n\n\n\n<hr class=\"wp-block-separator has-text-color has-ti-accent-color has-alpha-channel-opacity has-ti-accent-background-color has-background is-style-wide\"\/>\n\n\n\n<br>\n\n\n\n<div class=\"wp-block-columns is-layout-flex wp-container-core-columns-is-layout-110bc6f8 wp-block-columns-is-layout-flex\" style=\"margin-top:0;margin-bottom:0;padding-right:0;padding-left:0\">\n<div class=\"wp-block-column is-layout-flow wp-block-column-is-layout-flow\" style=\"flex-basis:30%\">\n<figure class=\"wp-block-image size-full\"><img loading=\"lazy\" decoding=\"async\" width=\"512\" height=\"512\" src=\"https:\/\/ankietyzacja.pum.edu.pl\/ankiety372\/wp-content\/uploads\/2025\/03\/student100.webp\" alt=\"\" class=\"wp-image-145\" srcset=\"https:\/\/ankietyzacja.pum.edu.pl\/ankiety372\/wp-content\/uploads\/2025\/03\/student100.webp 512w, https:\/\/ankietyzacja.pum.edu.pl\/ankiety372\/wp-content\/uploads\/2025\/03\/student100-300x300.webp 300w, https:\/\/ankietyzacja.pum.edu.pl\/ankiety372\/wp-content\/uploads\/2025\/03\/student100-150x150.webp 150w\" sizes=\"auto, (max-width: 512px) 100vw, 512px\" \/><\/figure>\n\n\n\n<p class=\"has-text-align-center\">Jestem studentem\/studentkom i chcia\u0142bym \/ chcia\u0142abym <br><a href=\"#\" data-type=\"link\" data-id=\"https:\/\/ankietyzacja.pum.edu.pl\/ankiety372\/ankiety-ogolne-dla-studentow\/\"><mark style=\"background-color:rgba(0, 0, 0, 0)\" class=\"has-inline-color has-ti-accent-color\"><strong>wype\u0142ni\u0107 ankiet\u0119<\/strong><\/mark><\/a><\/p>\n<\/div>\n\n\n\n<div class=\"wp-block-column is-layout-flow wp-block-column-is-layout-flow\" style=\"flex-basis:30%\">\n<figure class=\"wp-block-image size-full\"><img loading=\"lazy\" decoding=\"async\" width=\"512\" height=\"512\" src=\"https:\/\/ankietyzacja.pum.edu.pl\/ankiety372\/wp-content\/uploads\/2025\/03\/dydaktyk.png\" alt=\"\" class=\"wp-image-146\" srcset=\"https:\/\/ankietyzacja.pum.edu.pl\/ankiety372\/wp-content\/uploads\/2025\/03\/dydaktyk.png 512w, https:\/\/ankietyzacja.pum.edu.pl\/ankiety372\/wp-content\/uploads\/2025\/03\/dydaktyk-300x300.png 300w, https:\/\/ankietyzacja.pum.edu.pl\/ankiety372\/wp-content\/uploads\/2025\/03\/dydaktyk-150x150.png 150w\" sizes=\"auto, (max-width: 512px) 100vw, 512px\" \/><\/figure>\n\n\n\n<p class=\"has-text-align-center\">Jestem cz\u0142onkiem spo\u0142eczno\u015bci akademickiej i mog\u0119<br> <a href=\"#\" data-type=\"link\" data-id=\"https:\/\/ankietyzacja.pum.edu.pl\/ankiety372\/ankiety-ogolne-dla-spolecznosci\/\"><mark style=\"background-color:rgba(0, 0, 0, 0)\" class=\"has-inline-color has-ti-accent-color\"><strong>wype\u0142ni\u0107 ankiet\u0119<\/strong><\/mark><\/a><\/p>\n<\/div>\n\n\n\n<div class=\"wp-block-column is-layout-flow wp-block-column-is-layout-flow\" style=\"flex-basis:30%\">\n<figure class=\"wp-block-image size-full\"><img loading=\"lazy\" decoding=\"async\" width=\"512\" height=\"512\" src=\"https:\/\/ankietyzacja.pum.edu.pl\/ankiety372\/wp-content\/uploads\/2025\/03\/pracownik.png\" alt=\"\" class=\"wp-image-147\" srcset=\"https:\/\/ankietyzacja.pum.edu.pl\/ankiety372\/wp-content\/uploads\/2025\/03\/pracownik.png 512w, https:\/\/ankietyzacja.pum.edu.pl\/ankiety372\/wp-content\/uploads\/2025\/03\/pracownik-300x300.png 300w, https:\/\/ankietyzacja.pum.edu.pl\/ankiety372\/wp-content\/uploads\/2025\/03\/pracownik-150x150.png 150w\" sizes=\"auto, (max-width: 512px) 100vw, 512px\" \/><\/figure>\n\n\n\n<p class=\"has-text-align-center\">Jestem pracownikiem administracyjnym i mog\u0119<br><a href=\"#\" data-type=\"link\" data-id=\"https:\/\/ankietyzacja.pum.edu.pl\/ankiety372\/ankiety-ogolne-dla-pracownikow\/\"><mark style=\"background-color:rgba(0, 0, 0, 0)\" class=\"has-inline-color has-ti-accent-color\"><strong>wype\u0142ni\u0107 ankiet\u0119<\/strong><\/mark><\/a><\/p>\n<\/div>\n<\/div>\n\n\n\n<hr class=\"wp-block-separator has-text-color has-ti-accent-color has-alpha-channel-opacity has-ti-accent-background-color has-background is-style-wide\"\/>\n\n\n\n<hr class=\"wp-block-separator has-text-color has-primary-color has-alpha-channel-opacity has-primary-background-color has-background is-style-wide\"\/>\n\n\n\n<p><\/p>\n","protected":false},"excerpt":{"rendered":"<p>Jestem studentem\/studentkom i chcia\u0142bym \/ chcia\u0142abym wype\u0142ni\u0107 ankiet\u0119 Jestem cz\u0142onkiem spo\u0142eczno\u015bci akademickiej i mog\u0119 wype\u0142ni\u0107 ankiet\u0119 Jestem pracownikiem administracyjnym i mog\u0119wype\u0142ni\u0107 ankiet\u0119<\/p>\n","protected":false},"author":1,"featured_media":0,"parent":0,"menu_order":0,"comment_status":"closed","ping_status":"closed","template":"","meta":{"_themeisle_gutenberg_block_has_review":false,"footnotes":""},"class_list":["post-144","page","type-page","status-publish","hentry"],"_links":{"self":[{"href":"https:\/\/ankietyzacja.pum.edu.pl\/ankiety372\/wp-json\/wp\/v2\/pages\/144","targetHints":{"allow":["GET"]}}],"collection":[{"href":"https:\/\/ankietyzacja.pum.edu.pl\/ankiety372\/wp-json\/wp\/v2\/pages"}],"about":[{"href":"https:\/\/ankietyzacja.pum.edu.pl\/ankiety372\/wp-json\/wp\/v2\/types\/page"}],"author":[{"embeddable":true,"href":"https:\/\/ankietyzacja.pum.edu.pl\/ankiety372\/wp-json\/wp\/v2\/users\/1"}],"replies":[{"embeddable":true,"href":"https:\/\/ankietyzacja.pum.edu.pl\/ankiety372\/wp-json\/wp\/v2\/comments?post=144"}],"version-history":[{"count":16,"href":"https:\/\/ankietyzacja.pum.edu.pl\/ankiety372\/wp-json\/wp\/v2\/pages\/144\/revisions"}],"predecessor-version":[{"id":208,"href":"https:\/\/ankietyzacja.pum.edu.pl\/ankiety372\/wp-json\/wp\/v2\/pages\/144\/revisions\/208"}],"wp:attachment":[{"href":"https:\/\/ankietyzacja.pum.edu.pl\/ankiety372\/wp-json\/wp\/v2\/media?parent=144"}],"curies":[{"name":"wp","href":"https:\/\/api.w.org\/{rel}","templated":true}]}}